{"id":622,"date":"2022-08-22T09:19:34","date_gmt":"2022-08-22T09:19:34","guid":{"rendered":"https:\/\/lanzamientos.academiabolonia.com\/?page_id=622"},"modified":"2022-08-22T10:30:05","modified_gmt":"2022-08-22T10:30:05","slug":"registro-webinar","status":"publish","type":"page","link":"https:\/\/lanzamientos.academiabolonia.com\/index.php\/registro-webinar\/","title":{"rendered":"registro webinar"},"content":{"rendered":"\n<div style=\"height:16px\" aria-hidden=\"true\" class=\"wp-block-spacer\"><\/div>\n\n\n\n<h4 class=\"has-text-align-center wp-block-heading\"><strong>&#8211; Clase gratis de 30 minutos &#8211;<\/strong> <\/h4>\n\n\n\n<h2 class=\"alignwide has-text-align-center has-text-color wp-block-heading\" style=\"color:#0022ba\"><strong>Descubre la f\u00f3rmula para ayudar a tu adolescente a obtener los mejores resultados, a pesar de la desmotivaci\u00f3n o de no haber sido nunca un estudiante modelo.<\/strong><\/h2>\n\n\n\n<div style=\"height:63px\" aria-hidden=\"true\" class=\"wp-block-spacer\"><\/div>\n\n\n\n<div class=\"wp-block-columns is-layout-flex wp-container-core-columns-is-layout-9d6595d7 wp-block-columns-is-layout-flex\">\n<div class=\"wp-block-column is-layout-flow wp-block-column-is-layout-flow\">\n<div class=\"wp-block-group\"><div class=\"wp-block-group__inner-container is-layout-flow wp-block-group-is-layout-flow\">\n<p><img loading=\"lazy\" decoding=\"async\" width=\"20\" height=\"15\" class=\"wp-image-625\" style=\"width: 20px;\" src=\"http:\/\/lanzamientos.academiabolonia.com\/wp-content\/uploads\/2022\/08\/check-mark-tick-mark-okay-2025986.png\" alt=\"check mark, tick mark, okay-2025986.jpg\" srcset=\"https:\/\/lanzamientos.academiabolonia.com\/wp-content\/uploads\/2022\/08\/check-mark-tick-mark-okay-2025986.png 1280w, https:\/\/lanzamientos.academiabolonia.com\/wp-content\/uploads\/2022\/08\/check-mark-tick-mark-okay-2025986-300x221.png 300w, https:\/\/lanzamientos.academiabolonia.com\/wp-content\/uploads\/2022\/08\/check-mark-tick-mark-okay-2025986-1024x756.png 1024w, https:\/\/lanzamientos.academiabolonia.com\/wp-content\/uploads\/2022\/08\/check-mark-tick-mark-okay-2025986-768x567.png 768w\" sizes=\"auto, (max-width: 20px) 100vw, 20px\" \/> El sistema innovador para ayudar a tu hijo a alcanzar su mejor versi\u00f3n para obtener las mejores notas y crear una rutina de acero.<\/p>\n<\/div><\/div>\n\n\n\n<p><img loading=\"lazy\" decoding=\"async\" width=\"20\" height=\"15\" class=\"wp-image-625\" style=\"width: 20px;\" src=\"http:\/\/lanzamientos.academiabolonia.com\/wp-content\/uploads\/2022\/08\/check-mark-tick-mark-okay-2025986.png\" alt=\"check mark, tick mark, okay-2025986.jpg\" srcset=\"https:\/\/lanzamientos.academiabolonia.com\/wp-content\/uploads\/2022\/08\/check-mark-tick-mark-okay-2025986.png 1280w, https:\/\/lanzamientos.academiabolonia.com\/wp-content\/uploads\/2022\/08\/check-mark-tick-mark-okay-2025986-300x221.png 300w, https:\/\/lanzamientos.academiabolonia.com\/wp-content\/uploads\/2022\/08\/check-mark-tick-mark-okay-2025986-1024x756.png 1024w, https:\/\/lanzamientos.academiabolonia.com\/wp-content\/uploads\/2022\/08\/check-mark-tick-mark-okay-2025986-768x567.png 768w\" sizes=\"auto, (max-width: 20px) 100vw, 20px\" \/> El paso a paso que debe seguir un alumno para convertirse en un estudiante sobresaliente y mejorar sus resultados en menos de 3 meses.<\/p>\n\n\n\n<p><img loading=\"lazy\" decoding=\"async\" width=\"20\" height=\"15\" class=\"wp-image-625\" style=\"width: 20px;\" src=\"http:\/\/lanzamientos.academiabolonia.com\/wp-content\/uploads\/2022\/08\/check-mark-tick-mark-okay-2025986.png\" alt=\"check mark, tick mark, okay-2025986.jpg\" srcset=\"https:\/\/lanzamientos.academiabolonia.com\/wp-content\/uploads\/2022\/08\/check-mark-tick-mark-okay-2025986.png 1280w, https:\/\/lanzamientos.academiabolonia.com\/wp-content\/uploads\/2022\/08\/check-mark-tick-mark-okay-2025986-300x221.png 300w, https:\/\/lanzamientos.academiabolonia.com\/wp-content\/uploads\/2022\/08\/check-mark-tick-mark-okay-2025986-1024x756.png 1024w, https:\/\/lanzamientos.academiabolonia.com\/wp-content\/uploads\/2022\/08\/check-mark-tick-mark-okay-2025986-768x567.png 768w\" sizes=\"auto, (max-width: 20px) 100vw, 20px\" \/> La estrategia para que tu hijo tome las riendas de sus estudios a pesar de la falta de motivaci\u00f3n y los malos resultados.<\/p>\n<\/div>\n\n\n\n<div class=\"wp-block-column is-layout-flow wp-block-column-is-layout-flow\"><div class=\"_form_7\"><\/div>\n<p><script src=\"https:\/\/academiabolonia.activehosted.com\/f\/embed.php?id=7\" type=\"text\/javascript\" charset=\"utf-8\"><\/script><\/p>\n\n\n\n<div style=\"height:469px\" aria-hidden=\"true\" class=\"wp-block-spacer\"><\/div>\n<\/div>\n<\/div>\n\n\n\n<h2 class=\"wp-block-heading\"><\/h2>\n","protected":false},"excerpt":{"rendered":"<p>&#8211; Clase gratis de 30 minutos &#8211; Descubre la f\u00f3rmula para ayudar a tu adolescente a obtener los mejores resultados, a pesar de la desmotivaci\u00f3n o de no haber sido nunca un estudiante modelo. El sistema innovador para ayudar a tu hijo a alcanzar su mejor versi\u00f3n para obtener las mejores notas y crear una<a class=\"more-link\" href=\"https:\/\/lanzamientos.academiabolonia.com\/index.php\/registro-webinar\/\">Seguir leyendo <span class=\"screen-reader-text\">\u00abregistro webinar\u00bb<\/span><\/a><\/p>\n","protected":false},"author":1,"featured_media":0,"parent":0,"menu_order":0,"comment_status":"closed","ping_status":"closed","template":"elementor_canvas","meta":{"footnotes":""},"class_list":["post-622","page","type-page","status-publish","hentry","entry"],"_links":{"self":[{"href":"https:\/\/lanzamientos.academiabolonia.com\/index.php\/wp-json\/wp\/v2\/pages\/622","targetHints":{"allow":["GET"]}}],"collection":[{"href":"https:\/\/lanzamientos.academiabolonia.com\/index.php\/wp-json\/wp\/v2\/pages"}],"about":[{"href":"https:\/\/lanzamientos.academiabolonia.com\/index.php\/wp-json\/wp\/v2\/types\/page"}],"author":[{"embeddable":true,"href":"https:\/\/lanzamientos.academiabolonia.com\/index.php\/wp-json\/wp\/v2\/users\/1"}],"replies":[{"embeddable":true,"href":"https:\/\/lanzamientos.academiabolonia.com\/index.php\/wp-json\/wp\/v2\/comments?post=622"}],"version-history":[{"count":9,"href":"https:\/\/lanzamientos.academiabolonia.com\/index.php\/wp-json\/wp\/v2\/pages\/622\/revisions"}],"predecessor-version":[{"id":675,"href":"https:\/\/lanzamientos.academiabolonia.com\/index.php\/wp-json\/wp\/v2\/pages\/622\/revisions\/675"}],"wp:attachment":[{"href":"https:\/\/lanzamientos.academiabolonia.com\/index.php\/wp-json\/wp\/v2\/media?parent=622"}],"curies":[{"name":"wp","href":"https:\/\/api.w.org\/{rel}","templated":true}]}}